{"id":155,"date":"2025-07-16T09:38:24","date_gmt":"2025-07-16T07:38:24","guid":{"rendered":"https:\/\/hckredit.online\/?page_id=155"},"modified":"2025-10-16T08:29:37","modified_gmt":"2025-10-16T06:29:37","slug":"digitalni-odectova-sluzba","status":"publish","type":"page","link":"https:\/\/hckredit.online\/","title":{"rendered":""},"content":{"rendered":"\n<p class=\"has-text-align-center\"><a href=\"https:\/\/hckredit.online\/portal2\/login.php\" data-type=\"link\" data-id=\"https:\/\/hckredit.online\/portal\/login.php\">Vstup do klientsk\u00e9 z\u00f3ny<\/a><\/p>\n\n\n\n<div style=\"height:6px\" aria-hidden=\"true\" class=\"wp-block-spacer\"><\/div>\n\n\n\n<hr class=\"wp-block-separator has-alpha-channel-opacity\"\/>\n\n\n\n<ul class=\"wp-block-list\">\n<li>Ode\u010d\u00edt\u00e1n\u00ed spot\u0159eby na objektov\u00fdch m\u011b\u0159i\u010d\u00edch tepla<\/li>\n\n\n\n<li>Programov\u00e1n\u00ed m\u011b\u0159i\u010d\u016f na p\u0159\u00edslu\u0161n\u00e1 z\u00fa\u010dtovac\u00ed obdob\u00ed<\/li>\n\n\n\n<li>Automatizovan\u00e9 zpracov\u00e1n\u00ed ode\u010dten\u00fdch hodnot<\/li>\n\n\n\n<li>Vy\u00fa\u010dtov\u00e1n\u00ed n\u00e1klad\u016f za dod\u00e1vky tepla<\/li>\n\n\n\n<li>V p\u0159\u00edpad\u011b poruchy m\u011b\u0159i\u010de zaji\u0161t\u011bn\u00ed jeho v\u00fdm\u011bny<\/li>\n\n\n\n<li>Zaji\u0161t\u011bn\u00ed oprav m\u011b\u0159i\u010d\u016f a p\u0159ecejchov\u00e1n\u00ed<\/li>\n\n\n\n<li><a href=\"https:\/\/hckredit.online\/admin\">Spr\u00e1va<\/a> odpov\u011bdn\u00fdmi osobami<\/li>\n<\/ul>\n\n\n\n<hr class=\"wp-block-separator has-alpha-channel-opacity\"\/>\n\n\n\n<style>\n\/* Sn\u00ed\u017e\u00edme mezery pod hlavn\u00edm obsahem *\/\n.site-main, \n.entry-content, \n.wp-block-group {\n  margin-bottom: -70px !important;\n  padding-bottom: 0 !important;\n\/* Odebr\u00e1n\u00ed n\u00e1zvu *\/\n.wp-block-post-title {\n  display: none !important;\n}\n}\n","protected":false},"excerpt":{"rendered":"<p>Vstup do klientsk\u00e9 z\u00f3ny \/* Sn\u00ed\u017e\u00edme mezery pod hlavn\u00edm obsahem *\/ .site-main, .entry-content, .wp-block-group { margin-bottom: -70px !important; padding-bottom: 0 !important; \/* Odebr\u00e1n\u00ed n\u00e1zvu *\/ .wp-block-post-title { display: none !important; } }<\/p>\n","protected":false},"author":1,"featured_media":0,"parent":0,"menu_order":0,"comment_status":"closed","ping_status":"closed","template":"","meta":{"footnotes":""},"class_list":["post-155","page","type-page","status-publish","hentry"],"_links":{"self":[{"href":"https:\/\/hckredit.online\/index.php\/wp-json\/wp\/v2\/pages\/155","targetHints":{"allow":["GET"]}}],"collection":[{"href":"https:\/\/hckredit.online\/index.php\/wp-json\/wp\/v2\/pages"}],"about":[{"href":"https:\/\/hckredit.online\/index.php\/wp-json\/wp\/v2\/types\/page"}],"author":[{"embeddable":true,"href":"https:\/\/hckredit.online\/index.php\/wp-json\/wp\/v2\/users\/1"}],"replies":[{"embeddable":true,"href":"https:\/\/hckredit.online\/index.php\/wp-json\/wp\/v2\/comments?post=155"}],"version-history":[{"count":103,"href":"https:\/\/hckredit.online\/index.php\/wp-json\/wp\/v2\/pages\/155\/revisions"}],"predecessor-version":[{"id":349,"href":"https:\/\/hckredit.online\/index.php\/wp-json\/wp\/v2\/pages\/155\/revisions\/349"}],"wp:attachment":[{"href":"https:\/\/hckredit.online\/index.php\/wp-json\/wp\/v2\/media?parent=155"}],"curies":[{"name":"wp","href":"https:\/\/api.w.org\/{rel}","templated":true}]}}